{"id":178,"date":"2022-12-20T22:50:40","date_gmt":"2022-12-20T21:50:40","guid":{"rendered":"https:\/\/hansley.fr\/contact-2\/"},"modified":"2025-04-04T01:19:10","modified_gmt":"2025-04-03T23:19:10","slug":"contact","status":"publish","type":"page","link":"https:\/\/hansley.fr\/en\/contact\/","title":{"rendered":"Contact"},"content":{"rendered":"<div data-elementor-type=\"wp-page\" data-elementor-id=\"178\" class=\"elementor elementor-178\" data-elementor-post-type=\"page\">\n\t\t\t\t\t\t<section class=\"elementor-section elementor-top-section elementor-element elementor-element-406872a7 elementor-section-height-min-height elementor-section-boxed elementor-section-height-default elementor-section-items-middle\" data-id=\"406872a7\" data-element_type=\"section\" data-settings=\"{&quot;background_background&quot;:&quot;classic&quot;}\">\n\t\t\t\t\t\t\t<div class=\"elementor-background-overlay\"><\/div>\n\t\t\t\t\t\t\t<div class=\"elementor-container elementor-column-gap-default\">\n\t\t\t\t\t<div class=\"elementor-column elementor-col-100 elementor-top-column elementor-element elementor-element-3d987ddf\" data-id=\"3d987ddf\" data-element_type=\"column\">\n\t\t\t<div class=\"elementor-widget-wrap elementor-element-populated\">\n\t\t\t\t\t\t<div class=\"elementor-element elementor-element-619ee0e1 animated-slow elementor-invisible elementor-widget elementor-widget-heading\" data-id=\"619ee0e1\" data-element_type=\"widget\" data-settings=\"{&quot;_animation&quot;:&quot;fadeIn&quot;,&quot;_animation_delay&quot;:160}\" data-widget_type=\"heading.default\">\n\t\t\t\t\t<h1 class=\"elementor-heading-title elementor-size-default\">Contact \u2013 Hansley, agence de production vid\u00e9o<\/h1>\t\t\t\t<\/div>\n\t\t\t\t\t<\/div>\n\t\t<\/div>\n\t\t\t\t\t<\/div>\n\t\t<\/section>\n\t\t\t\t<section class=\"elementor-section elementor-top-section elementor-element elementor-element-1ae0f358 elementor-section-boxed elementor-section-height-default elementor-section-height-default\" data-id=\"1ae0f358\" data-element_type=\"section\">\n\t\t\t\t\t\t\t<div class=\"elementor-background-overlay\"><\/div>\n\t\t\t\t\t\t\t<div class=\"elementor-container elementor-column-gap-default\">\n\t\t\t\t\t<div class=\"elementor-column elementor-col-50 elementor-top-column elementor-element elementor-element-7587a55c\" data-id=\"7587a55c\" data-element_type=\"column\">\n\t\t\t<div class=\"elementor-widget-wrap elementor-element-populated\">\n\t\t\t\t\t\t<div class=\"elementor-element elementor-element-555cf188 elementor-widget elementor-widget-text-editor\" data-id=\"555cf188\" data-element_type=\"widget\" data-widget_type=\"text-editor.default\">\n\t\t\t\t\t\t\t\t\t<p data-start=\"678\" data-end=\"1053\">Looking to contact a professional, creative, and responsive video production agency?\nAt Hansley, we support brands, artists, and companies in creating custom-made audiovisual content.\nBased in Cannes, our team operates across the French Riviera \u2014 from Nice to Marseille, including Antibes and Monaco.<br \/><br \/>We produce music videos, corporate films, digital ads, and content for social media platforms such as Instagram, TikTok, and YouTube Shorts.\nWe also provide video coverage for professional, cultural, and private events.<br \/><br \/>Our method is based on full support: from the very first contact, we take the time to understand your goals.\nThen, we guide you through every step \u2014 concept development, location scouting, filming, editing, color grading, and delivery.\nThanks to this approach, we guarantee videos that align perfectly with your communication strategy.<br \/><br \/>Our team is made up of passionate directors, camera operators, editors, and technicians.\nWe use high-end professional equipment (RED, Sony, DJI\u2026) to ensure optimal quality across all platforms \u2014 whether for the web, internal distribution, or live events.<br \/><br \/>Simply fill out the form below to get in touch with us.\nWe respond quickly to every inquiry with a detailed quote and, if needed, an initial meeting.\nThat way, you have everything you need to move forward with your project confidently.<br \/><br \/>Looking to contact a reliable and dedicated video production agency?\nHansley supports you with precision, creativity, and transparency throughout the PACA region.<br \/><br \/>Want to learn more? Visit our page video production services. <a class=\"cursor-pointer\" href=\"\/en\/services-production-video\/\" rel=\"noopener\" data-start=\"1363\" data-end=\"1421\">link<\/a>.<\/p>\t\t\t\t\t\t\t\t<\/div>\n\t\t\t\t<div class=\"elementor-element elementor-element-13af4c8c elementor-icon-list--layout-traditional elementor-list-item-link-full_width elementor-widget elementor-widget-icon-list\" data-id=\"13af4c8c\" data-element_type=\"widget\" data-widget_type=\"icon-list.default\">\n\t\t\t\t\t\t\t<ul class=\"elementor-icon-list-items\">\n\t\t\t\t\t\t\t<li class=\"elementor-icon-list-item\">\n\t\t\t\t\t\t\t\t\t\t\t<a href=\"https:\/\/goo.gl\/maps\/iqExznmCeyPRRKp57\">\n\n\t\t\t\t\t\t\t\t\t\t\t<span class=\"elementor-icon-list-text\">216 avenue Francis Tonner, 06150 Cannes<\/span>\n\t\t\t\t\t\t\t\t\t\t\t<\/a>\n\t\t\t\t\t\t\t\t\t<\/li>\n\t\t\t\t\t\t\t\t<li class=\"elementor-icon-list-item\">\n\t\t\t\t\t\t\t\t\t\t\t<a href=\"https:\/\/hansley.fr\/en\/\">\n\n\t\t\t\t\t\t\t\t\t\t\t<span class=\"elementor-icon-list-text\">www.hansley.fr<\/span>\n\t\t\t\t\t\t\t\t\t\t\t<\/a>\n\t\t\t\t\t\t\t\t\t<\/li>\n\t\t\t\t\t\t<\/ul>\n\t\t\t\t\t\t<\/div>\n\t\t\t\t\t<\/div>\n\t\t<\/div>\n\t\t\t\t<div class=\"elementor-column elementor-col-50 elementor-top-column elementor-element elementor-element-218a1c98\" data-id=\"218a1c98\" data-element_type=\"column\">\n\t\t\t<div class=\"elementor-widget-wrap elementor-element-populated\">\n\t\t\t\t\t\t<div class=\"elementor-element elementor-element-3a8322f2 elementor-button-align-start elementor-widget elementor-widget-form\" data-id=\"3a8322f2\" data-element_type=\"widget\" data-settings=\"{&quot;step_next_label&quot;:&quot;Next&quot;,&quot;button_width&quot;:&quot;100&quot;,&quot;step_type&quot;:&quot;number_text&quot;,&quot;step_icon_shape&quot;:&quot;circle&quot;}\" data-widget_type=\"form.default\">\n\t\t\t\t\t\t\t<form class=\"elementor-form\" method=\"post\" name=\"New Form\" action=\"\">\n\t\t\t<input type=\"hidden\" name=\"post_id\" value=\"178\"\/>\n\t\t\t<input type=\"hidden\" name=\"form_id\" value=\"3a8322f2\"\/>\n\t\t\t<input type=\"hidden\" name=\"referer_title\" value=\"Contact agence de production vid\u00e9o \u2013 Hansley Cannes\" \/>\n\n\t\t\t\t\t\t\t<input type=\"hidden\" name=\"queried_id\" value=\"178\"\/>\n\t\t\t\n\t\t\t<div class=\"elementor-form-fields-wrapper elementor-labels-above\">\n\t\t\t\t\t\t\t\t<div class=\"elementor-field-type-text elementor-field-group elementor-column elementor-field-group-name elementor-col-50\">\n\t\t\t\t\t\t\t\t\t\t\t\t\t<input size=\"1\" type=\"text\" name=\"form_fields[name]\" id=\"form-field-name\" class=\"elementor-field elementor-size-sm  elementor-field-textual\" placeholder=\"name\">\n\t\t\t\t\t\t\t\t\t\t\t<\/div>\n\t\t\t\t\t\t\t\t<div class=\"elementor-field-type-email elementor-field-group elementor-column elementor-field-group-email elementor-col-50 elementor-field-required\">\n\t\t\t\t\t\t\t\t\t\t\t\t\t<input size=\"1\" type=\"email\" name=\"form_fields[email]\" id=\"form-field-email\" class=\"elementor-field elementor-size-sm  elementor-field-textual\" placeholder=\"mail\" required=\"required\">\n\t\t\t\t\t\t\t\t\t\t\t<\/div>\n\t\t\t\t\t\t\t\t<div class=\"elementor-field-type-tel elementor-field-group elementor-column elementor-field-group-field_36e5be9 elementor-col-50\">\n\t\t\t\t\t\t\t<input size=\"1\" type=\"tel\" name=\"form_fields[field_36e5be9]\" id=\"form-field-field_36e5be9\" class=\"elementor-field elementor-size-sm  elementor-field-textual\" placeholder=\"phone\" pattern=\"[0-9()#&amp;+*-=.]+\" title=\"Seuls les caract\u00e8res de num\u00e9ros de t\u00e9l\u00e9phone (#, -, *, etc.) sont accept\u00e9s.\">\n\n\t\t\t\t\t\t<\/div>\n\t\t\t\t\t\t\t\t<div class=\"elementor-field-type-text elementor-field-group elementor-column elementor-field-group-field_124b2a7 elementor-col-50\">\n\t\t\t\t\t\t\t\t\t\t\t\t\t<input size=\"1\" type=\"text\" name=\"form_fields[field_124b2a7]\" id=\"form-field-field_124b2a7\" class=\"elementor-field elementor-size-sm  elementor-field-textual\" placeholder=\"Object\">\n\t\t\t\t\t\t\t\t\t\t\t<\/div>\n\t\t\t\t\t\t\t\t<div class=\"elementor-field-type-textarea elementor-field-group elementor-column elementor-field-group-field_ad0f247 elementor-col-100\">\n\t\t\t\t\t<textarea class=\"elementor-field-textual elementor-field  elementor-size-sm\" name=\"form_fields[field_ad0f247]\" id=\"form-field-field_ad0f247\" rows=\"4\" placeholder=\"Message...\"><\/textarea>\t\t\t\t<\/div>\n\t\t\t\t\t\t\t\t<div class=\"elementor-field-type-recaptcha_v3 elementor-field-group elementor-column elementor-field-group-field_5fe7d8d elementor-col-100 recaptcha_v3-bottomright\">\n\t\t\t\t\t<div class=\"elementor-field\" id=\"form-field-field_5fe7d8d\"><div class=\"elementor-g-recaptcha\" data-sitekey=\"6Le9KCskAAAAAHbJi3zuM-1WvR6pW73l7nYchbgU\" data-type=\"v3\" data-action=\"Form\" data-badge=\"bottomright\" data-size=\"invisible\"><\/div><\/div>\t\t\t\t<\/div>\n\t\t\t\t\t\t\t\t<div class=\"elementor-field-group elementor-column elementor-field-type-submit elementor-col-100 e-form__buttons\">\n\t\t\t\t\t<button class=\"elementor-button elementor-size-sm\" type=\"submit\">\n\t\t\t\t\t\t<span class=\"elementor-button-content-wrapper\">\n\t\t\t\t\t\t\t\t\t\t\t\t\t\t\t\t\t\t\t\t\t\t<span class=\"elementor-button-text\">Send the message...<\/span>\n\t\t\t\t\t\t\t\t\t\t\t\t\t<\/span>\n\t\t\t\t\t<\/button>\n\t\t\t\t<\/div>\n\t\t\t<\/div>\n\t\t<input type=\"hidden\" name=\"trp-form-language\" value=\"en\"\/><\/form>\n\t\t\t\t\t\t<\/div>\n\t\t\t\t\t<\/div>\n\t\t<\/div>\n\t\t\t\t\t<\/div>\n\t\t<\/section>\n\t\t\t\t<section class=\"elementor-section elementor-top-section elementor-element elementor-element-ca1b078 elementor-section-full_width elementor-section-height-default elementor-section-height-default\" data-id=\"ca1b078\" data-element_type=\"section\">\n\t\t\t\t\t\t<div class=\"elementor-container elementor-column-gap-default\">\n\t\t\t\t\t<div class=\"elementor-column elementor-col-100 elementor-top-column elementor-element elementor-element-0efbbe9\" data-id=\"0efbbe9\" data-element_type=\"column\">\n\t\t\t<div class=\"elementor-widget-wrap elementor-element-populated\">\n\t\t\t\t\t\t<div class=\"elementor-element elementor-element-ee1b331 elementor-widget elementor-widget-google_maps\" data-id=\"ee1b331\" data-element_type=\"widget\" data-widget_type=\"google_maps.default\">\n\t\t\t\t\t\t\t<div class=\"elementor-custom-embed\">\n\t\t\t<iframe loading=\"lazy\"\n\t\t\t\t\tsrc=\"https:\/\/maps.google.com\/maps?q=216%20avenue%20francis%20tonner%2C%2006150%20Cannes&#038;t=m&#038;z=10&#038;output=embed&#038;iwloc=near\"\n\t\t\t\t\ttitle=\"216 avenue francis tonner, 06150 Cannes\"\n\t\t\t\t\taria-label=\"216 avenue francis tonner, 06150 Cannes\"\n\t\t\t><\/iframe>\n\t\t<\/div>\n\t\t\t\t\t\t<\/div>\n\t\t\t\t\t<\/div>\n\t\t<\/div>\n\t\t\t\t\t<\/div>\n\t\t<\/section>\n\t\t\t\t<\/div>","protected":false},"excerpt":{"rendered":"<p>Contact \u2013 Hansley, agence de production vid\u00e9o Vous souhaitez contacter une agence de production vid\u00e9o professionnelle, cr\u00e9ative et r\u00e9active ? Chez Hansley, nous accompagnons les marques, les artistes et les entreprises dans la cr\u00e9ation de contenus audiovisuels sur mesure. Bas\u00e9e \u00e0 Cannes, notre \u00e9quipe intervient sur toute la C\u00f4te d\u2019Azur, de Nice \u00e0 Marseille, en &hellip; <\/p>\n<p class=\"link-more\"><a href=\"https:\/\/hansley.fr\/en\/contact\/\" class=\"more-link\">Continue reading<span class=\"screen-reader-text\"> \u00ab\u00a0Contact\u00a0\u00bb<\/span><\/a><\/p>","protected":false},"author":1,"featured_media":467,"parent":0,"menu_order":0,"comment_status":"closed","ping_status":"closed","template":"elementor_header_footer","meta":{"footnotes":""},"class_list":["post-178","page","type-page","status-publish","has-post-thumbnail","hentry"],"yoast_head":"<!-- This site is optimized with the Yoast SEO plugin v24.8.1 - https:\/\/yoast.com\/wordpress\/plugins\/seo\/ -->\n<title>Contact agence de production vid\u00e9o \u2013 Hansley Cannes<\/title>\n<meta name=\"description\" content=\"Contact agence de production vid\u00e9o \u00e0 Cannes. Clips, corporate, pubs, \u00e9v\u00e9nements. R\u00e9ponse rapide, devis sur mesure et accompagnement pro.\" \/>\n<meta name=\"robots\" content=\"index, follow, max-snippet:-1, max-image-preview:large, max-video-preview:-1\" \/>\n<link rel=\"canonical\" href=\"https:\/\/hansley.fr\/en\/contact\/\" \/>\n<meta property=\"og:locale\" content=\"en_US\" \/>\n<meta property=\"og:type\" content=\"article\" \/>\n<meta property=\"og:title\" content=\"Contact - HANSLEY\" \/>\n<meta property=\"og:description\" content=\"Contact agence de production vid\u00e9o \u00e0 Cannes. Clips, corporate, pubs, \u00e9v\u00e9nements. R\u00e9ponse rapide, devis sur mesure et accompagnement pro.\" \/>\n<meta property=\"og:url\" content=\"https:\/\/hansley.fr\/en\/contact\/\" \/>\n<meta property=\"og:site_name\" content=\"HANSLEY\" \/>\n<meta property=\"article:publisher\" content=\"https:\/\/www.facebook.com\/hansleyf\" \/>\n<meta property=\"article:modified_time\" content=\"2025-04-03T23:19:10+00:00\" \/>\n<meta property=\"og:image\" content=\"https:\/\/hansley.fr\/wp-content\/uploads\/2023\/01\/15E49124-63DA-4072-927F-CFE60C1217212022-06-01_18-11-56_655-scaled.jpeg\" \/>\n\t<meta property=\"og:image:width\" content=\"1920\" \/>\n\t<meta property=\"og:image:height\" content=\"2560\" \/>\n\t<meta property=\"og:image:type\" content=\"image\/jpeg\" \/>\n<meta name=\"twitter:card\" content=\"summary_large_image\" \/>\n<meta name=\"twitter:site\" content=\"@hansleyfr\" \/>\n<meta name=\"twitter:label1\" content=\"Est. reading time\" \/>\n\t<meta name=\"twitter:data1\" content=\"2 minutes\" \/>\n<script type=\"application\/ld+json\" class=\"yoast-schema-graph\">{\"@context\":\"https:\/\/schema.org\",\"@graph\":[{\"@type\":\"WebPage\",\"@id\":\"https:\/\/hansley.fr\/contact\/\",\"url\":\"https:\/\/hansley.fr\/contact\/\",\"name\":\"Contact agence de production vid\u00e9o \u2013 Hansley Cannes\",\"isPartOf\":{\"@id\":\"https:\/\/hansley.fr\/#website\"},\"primaryImageOfPage\":{\"@id\":\"https:\/\/hansley.fr\/contact\/#primaryimage\"},\"image\":{\"@id\":\"https:\/\/hansley.fr\/contact\/#primaryimage\"},\"thumbnailUrl\":\"https:\/\/hansley.fr\/wp-content\/uploads\/2023\/01\/15E49124-63DA-4072-927F-CFE60C1217212022-06-01_18-11-56_655-scaled.jpeg\",\"datePublished\":\"2022-12-20T21:50:40+00:00\",\"dateModified\":\"2025-04-03T23:19:10+00:00\",\"description\":\"Contact agence de production vid\u00e9o \u00e0 Cannes. Clips, corporate, pubs, \u00e9v\u00e9nements. R\u00e9ponse rapide, devis sur mesure et accompagnement pro.\",\"breadcrumb\":{\"@id\":\"https:\/\/hansley.fr\/contact\/#breadcrumb\"},\"inLanguage\":\"en-US\",\"potentialAction\":[{\"@type\":\"ReadAction\",\"target\":[\"https:\/\/hansley.fr\/contact\/\"]}]},{\"@type\":\"ImageObject\",\"inLanguage\":\"en-US\",\"@id\":\"https:\/\/hansley.fr\/contact\/#primaryimage\",\"url\":\"https:\/\/hansley.fr\/wp-content\/uploads\/2023\/01\/15E49124-63DA-4072-927F-CFE60C1217212022-06-01_18-11-56_655-scaled.jpeg\",\"contentUrl\":\"https:\/\/hansley.fr\/wp-content\/uploads\/2023\/01\/15E49124-63DA-4072-927F-CFE60C1217212022-06-01_18-11-56_655-scaled.jpeg\",\"width\":1920,\"height\":2560,\"caption\":\"D\u00e9rush apr\u00e8s des prises de vues en h\u00e9licopt\u00e8re et r\u00e9ponses \u00e0 des mails\"},{\"@type\":\"BreadcrumbList\",\"@id\":\"https:\/\/hansley.fr\/contact\/#breadcrumb\",\"itemListElement\":[{\"@type\":\"ListItem\",\"position\":1,\"name\":\"Accueil\",\"item\":\"https:\/\/hansley.fr\/\"},{\"@type\":\"ListItem\",\"position\":2,\"name\":\"Contact\"}]},{\"@type\":\"WebSite\",\"@id\":\"https:\/\/hansley.fr\/#website\",\"url\":\"https:\/\/hansley.fr\/\",\"name\":\"HANSLEY\",\"description\":\"Soci\u00e9te de production de clips\",\"publisher\":{\"@id\":\"https:\/\/hansley.fr\/#organization\"},\"potentialAction\":[{\"@type\":\"SearchAction\",\"target\":{\"@type\":\"EntryPoint\",\"urlTemplate\":\"https:\/\/hansley.fr\/?s={search_term_string}\"},\"query-input\":{\"@type\":\"PropertyValueSpecification\",\"valueRequired\":true,\"valueName\":\"search_term_string\"}}],\"inLanguage\":\"en-US\"},{\"@type\":\"Organization\",\"@id\":\"https:\/\/hansley.fr\/#organization\",\"name\":\"Hansley - Soci\u00e9t\u00e9 de production de clips musicaux\",\"url\":\"https:\/\/hansley.fr\/\",\"logo\":{\"@type\":\"ImageObject\",\"inLanguage\":\"en-US\",\"@id\":\"https:\/\/hansley.fr\/#\/schema\/logo\/image\/\",\"url\":\"https:\/\/i0.wp.com\/hansley.fr\/wp-content\/uploads\/2022\/12\/LOGO2.png?fit=350%2C100&ssl=1\",\"contentUrl\":\"https:\/\/i0.wp.com\/hansley.fr\/wp-content\/uploads\/2022\/12\/LOGO2.png?fit=350%2C100&ssl=1\",\"width\":350,\"height\":100,\"caption\":\"Hansley - Soci\u00e9t\u00e9 de production de clips musicaux\"},\"image\":{\"@id\":\"https:\/\/hansley.fr\/#\/schema\/logo\/image\/\"},\"sameAs\":[\"https:\/\/www.facebook.com\/hansleyf\",\"https:\/\/x.com\/hansleyfr\",\"https:\/\/www.instagram.com\/hansleyfr\"]}]}<\/script>\n<!-- \/ Yoast SEO plugin. -->","yoast_head_json":{"title":"Contact agence de production vid\u00e9o \u2013 Hansley Cannes","description":"Contact agence de production vid\u00e9o \u00e0 Cannes. Clips, corporate, pubs, \u00e9v\u00e9nements. R\u00e9ponse rapide, devis sur mesure et accompagnement pro.","robots":{"index":"index","follow":"follow","max-snippet":"max-snippet:-1","max-image-preview":"max-image-preview:large","max-video-preview":"max-video-preview:-1"},"canonical":"https:\/\/hansley.fr\/en\/contact\/","og_locale":"en_US","og_type":"article","og_title":"Contact - HANSLEY","og_description":"Contact agence de production vid\u00e9o \u00e0 Cannes. Clips, corporate, pubs, \u00e9v\u00e9nements. R\u00e9ponse rapide, devis sur mesure et accompagnement pro.","og_url":"https:\/\/hansley.fr\/en\/contact\/","og_site_name":"HANSLEY","article_publisher":"https:\/\/www.facebook.com\/hansleyf","article_modified_time":"2025-04-03T23:19:10+00:00","og_image":[{"width":1920,"height":2560,"url":"https:\/\/hansley.fr\/wp-content\/uploads\/2023\/01\/15E49124-63DA-4072-927F-CFE60C1217212022-06-01_18-11-56_655-scaled.jpeg","type":"image\/jpeg"}],"twitter_card":"summary_large_image","twitter_site":"@hansleyfr","twitter_misc":{"Est. reading time":"2 minutes"},"schema":{"@context":"https:\/\/schema.org","@graph":[{"@type":"WebPage","@id":"https:\/\/hansley.fr\/contact\/","url":"https:\/\/hansley.fr\/contact\/","name":"Contact agence de production vid\u00e9o \u2013 Hansley Cannes","isPartOf":{"@id":"https:\/\/hansley.fr\/#website"},"primaryImageOfPage":{"@id":"https:\/\/hansley.fr\/contact\/#primaryimage"},"image":{"@id":"https:\/\/hansley.fr\/contact\/#primaryimage"},"thumbnailUrl":"https:\/\/hansley.fr\/wp-content\/uploads\/2023\/01\/15E49124-63DA-4072-927F-CFE60C1217212022-06-01_18-11-56_655-scaled.jpeg","datePublished":"2022-12-20T21:50:40+00:00","dateModified":"2025-04-03T23:19:10+00:00","description":"Contact agence de production vid\u00e9o \u00e0 Cannes. Clips, corporate, pubs, \u00e9v\u00e9nements. R\u00e9ponse rapide, devis sur mesure et accompagnement pro.","breadcrumb":{"@id":"https:\/\/hansley.fr\/contact\/#breadcrumb"},"inLanguage":"en-US","potentialAction":[{"@type":"ReadAction","target":["https:\/\/hansley.fr\/contact\/"]}]},{"@type":"ImageObject","inLanguage":"en-US","@id":"https:\/\/hansley.fr\/contact\/#primaryimage","url":"https:\/\/hansley.fr\/wp-content\/uploads\/2023\/01\/15E49124-63DA-4072-927F-CFE60C1217212022-06-01_18-11-56_655-scaled.jpeg","contentUrl":"https:\/\/hansley.fr\/wp-content\/uploads\/2023\/01\/15E49124-63DA-4072-927F-CFE60C1217212022-06-01_18-11-56_655-scaled.jpeg","width":1920,"height":2560,"caption":"D\u00e9rush apr\u00e8s des prises de vues en h\u00e9licopt\u00e8re et r\u00e9ponses \u00e0 des mails"},{"@type":"BreadcrumbList","@id":"https:\/\/hansley.fr\/contact\/#breadcrumb","itemListElement":[{"@type":"ListItem","position":1,"name":"Accueil","item":"https:\/\/hansley.fr\/"},{"@type":"ListItem","position":2,"name":"Contact"}]},{"@type":"WebSite","@id":"https:\/\/hansley.fr\/#website","url":"https:\/\/hansley.fr\/","name":"HANSLEY","description":"Soci\u00e9te de production de clips","publisher":{"@id":"https:\/\/hansley.fr\/#organization"},"potentialAction":[{"@type":"SearchAction","target":{"@type":"EntryPoint","urlTemplate":"https:\/\/hansley.fr\/?s={search_term_string}"},"query-input":{"@type":"PropertyValueSpecification","valueRequired":true,"valueName":"search_term_string"}}],"inLanguage":"en-US"},{"@type":"Organization","@id":"https:\/\/hansley.fr\/#organization","name":"Hansley - Soci\u00e9t\u00e9 de production de clips musicaux","url":"https:\/\/hansley.fr\/","logo":{"@type":"ImageObject","inLanguage":"en-US","@id":"https:\/\/hansley.fr\/#\/schema\/logo\/image\/","url":"https:\/\/i0.wp.com\/hansley.fr\/wp-content\/uploads\/2022\/12\/LOGO2.png?fit=350%2C100&ssl=1","contentUrl":"https:\/\/i0.wp.com\/hansley.fr\/wp-content\/uploads\/2022\/12\/LOGO2.png?fit=350%2C100&ssl=1","width":350,"height":100,"caption":"Hansley - Soci\u00e9t\u00e9 de production de clips musicaux"},"image":{"@id":"https:\/\/hansley.fr\/#\/schema\/logo\/image\/"},"sameAs":["https:\/\/www.facebook.com\/hansleyf","https:\/\/x.com\/hansleyfr","https:\/\/www.instagram.com\/hansleyfr"]}]}},"amp_enabled":true,"_links":{"self":[{"href":"https:\/\/hansley.fr\/en\/wp-json\/wp\/v2\/pages\/178","targetHints":{"allow":["GET"]}}],"collection":[{"href":"https:\/\/hansley.fr\/en\/wp-json\/wp\/v2\/pages"}],"about":[{"href":"https:\/\/hansley.fr\/en\/wp-json\/wp\/v2\/types\/page"}],"author":[{"embeddable":true,"href":"https:\/\/hansley.fr\/en\/wp-json\/wp\/v2\/users\/1"}],"replies":[{"embeddable":true,"href":"https:\/\/hansley.fr\/en\/wp-json\/wp\/v2\/comments?post=178"}],"version-history":[{"count":42,"href":"https:\/\/hansley.fr\/en\/wp-json\/wp\/v2\/pages\/178\/revisions"}],"predecessor-version":[{"id":1942,"href":"https:\/\/hansley.fr\/en\/wp-json\/wp\/v2\/pages\/178\/revisions\/1942"}],"wp:featuredmedia":[{"embeddable":true,"href":"https:\/\/hansley.fr\/en\/wp-json\/wp\/v2\/media\/467"}],"wp:attachment":[{"href":"https:\/\/hansley.fr\/en\/wp-json\/wp\/v2\/media?parent=178"}],"curies":[{"name":"wp","href":"https:\/\/api.w.org\/{rel}","templated":true}]}}